{"id":2,"date":"2020-10-30T14:18:22","date_gmt":"2020-10-30T14:18:22","guid":{"rendered":"http:\/\/observatorio-digital.es\/?page_id=2"},"modified":"2021-03-25T15:40:38","modified_gmt":"2021-03-25T15:40:38","slug":"observatorio-de-transformacion-digital","status":"publish","type":"page","link":"https:\/\/observatorio-digital.es\/","title":{"rendered":"Observatorio de Transformaci\u00f3n Digital"},"content":{"rendered":"<p>[rev_slider alias=\u00bbhome\u00bb slidertitle=\u00bbHome\u00bb][\/rev_slider]<\/p>\n<p>El O<strong>bservatorio de Transformaci\u00f3n Digital<\/strong> es una iniciativa liderada por <a href=\"https:\/\/www.campus2b.com\/\" target=\"_blank\" rel=\"noopener\">C2B<\/a> cuyo objetivo es <strong>visibilizar, investigar y dar a conocer experiencias, datos objetivos y soluciones<\/strong> sobre los nuevos retos digitales ante los que se enfrentan las organizaciones actualmente.<\/p>\n<p>Nuestra misi\u00f3n no es otra que seguir acompa\u00f1ando a las organizaciones para lograr sus objetivos y proyectos estrat\u00e9gicos. Todo cambio exige una transformaci\u00f3n profesional, personal y social y nosotros queremos apoyar a liderar ese cambio.<\/p>\n<p>Un Nuevo Paradigma que precisa de la redefinici\u00f3n bajo una perspectiva de aceleraci\u00f3n digital de los espacios de trabajo, del desarrollo de nuevas competencias, de la restructuraci\u00f3n de los modelos tradicionales de negocio hacia nuevos modelos de negocio y de la capacitaci\u00f3n en nuevas tendencias STEM.<\/p>\n<p>\t\t\t\t\t\t\t\t\t\t<img decoding=\"async\" width=\"150\" height=\"150\" src=\"https:\/\/observatorio-digital.es\/wp-content\/uploads\/2020\/11\/transformacion-digital-1-150x150.png\" alt=\"Transformaci\u00f3n digital: Aceleraci\u00f3n digital de los espacios de trabajo y nuevos modelos de negocio\" loading=\"lazy\" srcset=\"https:\/\/observatorio-digital.es\/wp-content\/uploads\/2020\/11\/transformacion-digital-1-150x150.png 150w, https:\/\/observatorio-digital.es\/wp-content\/uploads\/2020\/11\/transformacion-digital-1.png 300w\" sizes=\"auto, (max-width: 150px) 100vw, 150px\" \/>\t\t\t\t\t\t\t\t\t\t\t<\/p>\n<h2>Transformaci\u00f3n digital:<\/h2>\n<h3>Aceleraci\u00f3n digital de los espacios de trabajo  y nuevos modelos de negocio<\/h3>\n<p>\t\t\t\t\t\t\t\t\t\t<img decoding=\"async\" width=\"150\" height=\"150\" src=\"https:\/\/observatorio-digital.es\/wp-content\/uploads\/2020\/11\/desarrollo-competencias-1-150x150.png\" alt=\"Desarrollo de nuevas competencias para la empleabilidad\" loading=\"lazy\" srcset=\"https:\/\/observatorio-digital.es\/wp-content\/uploads\/2020\/11\/desarrollo-competencias-1-150x150.png 150w, https:\/\/observatorio-digital.es\/wp-content\/uploads\/2020\/11\/desarrollo-competencias-1.png 300w\" sizes=\"auto, (max-width: 150px) 100vw, 150px\" \/>\t\t\t\t\t\t\t\t\t\t\t<\/p>\n<h2>Desarrollo<\/h2>\n<h3>de nuevas competencias para la empleabilidad<\/h3>\n<p>\t\t\t\t\t\t\t\t\t\t<img decoding=\"async\" width=\"150\" height=\"150\" src=\"https:\/\/observatorio-digital.es\/wp-content\/uploads\/2020\/11\/talento-digital-1-150x150.png\" alt=\"Formaci\u00f3n y talento digital: Capacitaci\u00f3n en nuevas tendencias STEM\" loading=\"lazy\" srcset=\"https:\/\/observatorio-digital.es\/wp-content\/uploads\/2020\/11\/talento-digital-1-150x150.png 150w, https:\/\/observatorio-digital.es\/wp-content\/uploads\/2020\/11\/talento-digital-1.png 300w\" sizes=\"auto, (max-width: 150px) 100vw, 150px\" \/>\t\t\t\t\t\t\t\t\t\t\t<\/p>\n<h2>Formaci\u00f3n y talento digital: <\/h2>\n<h3>Capacitaci\u00f3n en nuevas tendencias STEM<\/h3>\n<h2>Pr\u00f3ximos eventos y noticias<\/h2>\n<p>\t\t[pt_view id=\u00bbdf7cc2ert8&#8243;]\t\t<\/p>\n<h2>Conversaciones<\/h2>\n<p>Compartiendo experiencias. Conversamos con las empresas de nuestro entorno. \u00bfCu\u00e1les son sus retos en el \u00e1mbito digital? \u00bfC\u00f3mo los est\u00e1n afrontando?<\/p>\n<p>[wpgpyt_gallery id=\u00bb142&#8243;]<br \/>\n\t\t\t<a href=\"https:\/\/www.youtube.com\/playlist?list=PLVK8buRkU6DnjOZ8VzVhJnI6dfE_dmfTu\" target=\"_blank\" role=\"button\" rel=\"noopener\"><br \/>\n\t\t\t\t\t\tVer m\u00e1s<br \/>\n\t\t\t\t\t<\/a><\/p>\n<h2>Todas nuestras novedades en tu email<\/h2>\n<p>\t\t\t<!-- Begin Mailchimp Signup Form -->\n<link href=\"\/\/cdn-images.mailchimp.com\/embedcode\/horizontal-slim-10_7.css\" rel=\"stylesheet\" type=\"text\/css\">\n<style type=\"text\/css\">\n\t#mc_embed_signup{background:#fff; clear:left; font:14px Helvetica,Arial,sans-serif; width:100%;}\n\t\/* Add your own Mailchimp form style overrides in your site stylesheet or in this style block.\n\t   We recommend moving this block and the preceding CSS link to the HEAD of your HTML file. *\/\n<\/style>\n<style type=\"text\/css\">\n\t#mc-embedded-subscribe-form input[type=checkbox]{display: inline; width: auto;margin-right: 10px;}\n\t#mergeRow-gdpr {margin-top: 20px;}\n\t#mergeRow-gdpr fieldset label {font-weight: normal;}\n\t#mc-embedded-subscribe-form .mc_fieldset{border:none;min-height: 0px;padding-bottom:0px;}\n<\/style>\n<form action=\"https:\/\/observatorio-digital.us7.list-manage.com\/subscribe\/post?u=17081f6bc2e3c8ed31bb03235&amp;id=500aea3f89\" method=\"post\" id=\"mc-embedded-subscribe-form\" name=\"mc-embedded-subscribe-form\" target=\"_blank\" novalidate>\n\t<label for=\"mce-EMAIL\"><\/label><br \/>\n\t<input type=\"email\" value=\"\" name=\"EMAIL\" id=\"mce-EMAIL\" placeholder=\"Direcci\u00f3n de email\" required><br \/>\n    <!-- real people should not fill this in and expect good things - do not remove this or risk form bot signups--><br \/>\n    <input type=\"text\" name=\"b_17081f6bc2e3c8ed31bb03235_500aea3f89\" tabindex=\"-1\" value=\"\"><br \/>\n    <input type=\"submit\" value=\"Suscribirse\" name=\"subscribe\" id=\"mc-embedded-subscribe\"><br \/>\n<\/form>\n<p><!--End mc_embed_signup-->\t\t<\/p>\n<h2>Webinars<\/h2>\n<p>Los expertos hablan sobre temas de actualidad digital. Te acompa\u00f1amos para dise\u00f1ar el camino que mejor se adapta a tu empresa. Consulta las sesiones que hemos ido compartiendo.\u00a0\u00a0<\/p>\n<p>[wpgpyt_gallery id=\u00bb139&#8243;]<br \/>\n\t\t\t<a href=\"https:\/\/www.youtube.com\/playlist?list=PLVK8buRkU6Dka1T24qN9jqvmTJduHUZgA\" target=\"_blank\" role=\"button\" rel=\"noopener\"><br \/>\n\t\t\t\t\t\tVer m\u00e1s<br \/>\n\t\t\t\t\t<\/a><\/p>\n<h2>Art\u00edculos<\/h2>\n<p>\u00a0\u00bfQu\u00e9 est\u00e1 pasando? \u00bfCu\u00e1les son los temas de actualidad?\u00a0Exploramos y hablamos sobre las posibilidades que ofrece la revoluci\u00f3n digital para las empresas.<\/p>\n<p>[pt_view id=\u00bb4195b85fxp\u00bb]\t\t<\/p>\n<h2>Informes y encuestas<\/h2>\n<p>An\u00e1lisis de las necesidades, situaci\u00f3n y preocupaciones de las empresas en cuanto a la digitalizaci\u00f3n de sus negocios. Escuchamos a nuestro entorno para trabajar en las tendencias y definir las claves para construir nuevas oportunidades.\u00a0<\/p>\n<p>\t\t\t\t\t\t\t\t\t\t<img decoding=\"async\" width=\"800\" height=\"533\" src=\"https:\/\/observatorio-digital.es\/wp-content\/uploads\/2020\/11\/encuestas.jpg\" alt=\"encuestas\" loading=\"lazy\" srcset=\"https:\/\/observatorio-digital.es\/wp-content\/uploads\/2020\/11\/encuestas.jpg 800w, https:\/\/observatorio-digital.es\/wp-content\/uploads\/2020\/11\/encuestas-300x200.jpg 300w, https:\/\/observatorio-digital.es\/wp-content\/uploads\/2020\/11\/encuestas-768x512.jpg 768w\" sizes=\"auto, (max-width: 800px) 100vw, 800px\" \/>\t\t\t\t\t\t\t\t\t\t\t<\/p>\n<h3>Titulo de la encuesta<\/h3>\n<p>\t\t\t<a href=\"#\" role=\"button\"><br \/>\n\t\t\t\t\t\tHacer encuesta<br \/>\n\t\t\t\t\t<\/a><\/p>\n<h2>Contacto<\/h2>\n<p>Queremos ser tu aliado en la transformaci\u00f3n digital de tu negocio. \u00bfHablamos?<\/p>\n<p>\t\t\t<a href=\"mailto:info@observatorio-digital.es\" role=\"button\"><br \/>\n\t\t\t\t\t\tContacta con nosotros<br \/>\n\t\t\t\t\t<\/a><\/p>\n","protected":false},"excerpt":{"rendered":"<p>[rev_slider alias=\u00bbhome\u00bb slidertitle=\u00bbHome\u00bb][\/rev_slider] El Observatorio de Transformaci\u00f3n Digital es una iniciativa liderada por C2B cuyo objetivo es visibilizar, investigar y dar a conocer experiencias, datos objetivos y soluciones sobre los nuevos retos digitales ante los que se enfrentan las organizaciones actualmente. Nuestra misi\u00f3n no es otra que seguir acompa\u00f1ando a las organizaciones para lograr sus&hellip;<\/p>\n","protected":false},"author":1,"featured_media":0,"parent":0,"menu_order":0,"comment_status":"closed","ping_status":"open","template":"elementor_header_footer","meta":{"footnotes":""},"class_list":["post-2","page","type-page","status-publish","hentry"],"_links":{"self":[{"href":"https:\/\/observatorio-digital.es\/index.php?rest_route=\/wp\/v2\/pages\/2","targetHints":{"allow":["GET"]}}],"collection":[{"href":"https:\/\/observatorio-digital.es\/index.php?rest_route=\/wp\/v2\/pages"}],"about":[{"href":"https:\/\/observatorio-digital.es\/index.php?rest_route=\/wp\/v2\/types\/page"}],"author":[{"embeddable":true,"href":"https:\/\/observatorio-digital.es\/index.php?rest_route=\/wp\/v2\/users\/1"}],"replies":[{"embeddable":true,"href":"https:\/\/observatorio-digital.es\/index.php?rest_route=%2Fwp%2Fv2%2Fcomments&post=2"}],"version-history":[{"count":159,"href":"https:\/\/observatorio-digital.es\/index.php?rest_route=\/wp\/v2\/pages\/2\/revisions"}],"predecessor-version":[{"id":493,"href":"https:\/\/observatorio-digital.es\/index.php?rest_route=\/wp\/v2\/pages\/2\/revisions\/493"}],"wp:attachment":[{"href":"https:\/\/observatorio-digital.es\/index.php?rest_route=%2Fwp%2Fv2%2Fmedia&parent=2"}],"curies":[{"name":"wp","href":"https:\/\/api.w.org\/{rel}","templated":true}]}}