{"id":84,"date":"2020-11-02T15:20:34","date_gmt":"2020-11-02T15:20:34","guid":{"rendered":"http:\/\/observatorio-digital.es\/?page_id=84"},"modified":"2020-11-02T15:36:12","modified_gmt":"2020-11-02T15:36:12","slug":"aviso-legal","status":"publish","type":"page","link":"https:\/\/observatorio-digital.es\/?page_id=84","title":{"rendered":"Aviso legal"},"content":{"rendered":"<h1>Aviso legal<\/h1>\n<p>Responsable (Prestador del Servicio): OBLOMOV SL<br \/>Nombre Comercial: OBLOMOV SL inscrita en el registro mercantil de Vizcaya hoja Bi 15013 Seccion 1\u00aa Tomo 3294.<br \/>Domicilio Social: C\/ P\u00e9rez Gald\u00f3s N\u00ba22 bajo, 48010 Bilbao (Vizcaya)<br \/>CIF \/ NIF: B48756498<br \/>Tel\u00e9fono: 944395655<br \/>Fax: 944396373<br \/>E-Mail: <a href=\"mailto:info@observatorio-digital.es\">info@observatorio-digital.es<\/a><br \/>Nombre de dominio: <a href=\"http:\/\/observatorio-digital.es\/\">http:\/\/observatorio-digital.es\/<\/a><\/p>\n<h2><strong>OBJETO<\/strong><\/h2>\n<p>El prestador, responsable del sitio web, pone a disposici\u00f3n de los usuarios el presente documento con el que pretende dar cumplimiento a las obligaciones dispuestas en la Ley 34\/2002, de Servicios de la Sociedad de la Informaci\u00f3n y del Comercio Electr\u00f3nico (LSSI-CE), as\u00ed como informar a todos los usuarios del sitio web respecto a cu\u00e1les son las condiciones de uso del sitio web.<\/p>\n<p>Toda persona que acceda a este sitio web asume el papel de usuario, comprometi\u00e9ndose a la observancia y cumplimiento riguroso de las disposiciones aqu\u00ed recogidas, as\u00ed como a cualquiera otra disposici\u00f3n legal que fuera de aplicaci\u00f3n.<\/p>\n<p>El prestador se reserva el derecho a modificar cualquier tipo de informaci\u00f3n que pudiera aparecer en el sitio web, sin que exista obligaci\u00f3n de preavisar o poner en conocimiento de los usuarios dichas obligaciones, entendi\u00e9ndose como suficiente con la publicaci\u00f3n en el sitio web del prestador.<\/p>\n<h2><strong>PROPIEDAD INTELECTUAL E INDUSTRIAL<\/strong><\/h2>\n<p>El sitio web, incluyendo a t\u00edtulo enunciativo, pero no limitativo su programaci\u00f3n, edici\u00f3n, compilaci\u00f3n y dem\u00e1s elementos necesarios para su funcionamiento, los dise\u00f1os, logotipos, texto y\/o gr\u00e1ficos son propiedad del prestador o en su caso dispone de licencia o autorizaci\u00f3n expresa por parte de los autores. Todos los contenidos del sitio web se encuentran debidamente protegidos por la normativa de propiedad intelectual e industrial, as\u00ed como inscritos en los registros p\u00fablicos correspondientes.<\/p>\n<p>Independientemente de la finalidad para la que fueran destinados, la reproducci\u00f3n total o parcial, uso, explotaci\u00f3n, distribuci\u00f3n y comercializaci\u00f3n, requiere en todo caso de la autorizaci\u00f3n escrita previa por parte del prestador. Cualquier uso no autorizado previamente por parte del prestador ser\u00e1 considerado un incumplimiento grave de los derechos de propiedad intelectual o industrial del autor.<\/p>\n<p>Los dise\u00f1os, logotipos, texto y\/o gr\u00e1ficos ajenos al prestador y que pudieran aparecer en el sitio web, pertenecen a sus respectivos propietarios, siendo ellos mismos responsables de cualquier posible controversia que pudiera suscitarse respecto a los mismos. En todo caso, el prestador cuenta con la autorizaci\u00f3n expresa y previa por parte de los mismos.<\/p>\n<p>El prestador reconoce a favor de sus titulares los correspondientes derechos de propiedad industrial e intelectual, no implicando su sola menci\u00f3n o aparici\u00f3n en el sitio web la existencia de derechos o responsabilidad alguna del prestador sobre los mismos, como tampoco respaldo, patrocinio o recomendaci\u00f3n por parte del mismo.<\/p>\n<p>Para realizar cualquier tipo de observaci\u00f3n respecto a posibles incumplimientos de los derechos de propiedad intelectual o industrial, as\u00ed como sobre cualquiera de los contenidos del sitio web, puede hacerlo a trav\u00e9s del siguiente correo electr\u00f3nico: <a href=\"mailto:info@observatorio-digital.es\">info@observatorio-digital.es<\/a><\/p>\n<h2><strong>PROTECCI\u00d3N DE DATOS PERSONALES<\/strong><\/h2>\n<p>El prestador se encuentra profundamente comprometido con el cumplimiento de la normativa europea y espa\u00f1ola de protecci\u00f3n de datos de car\u00e1cter personal, y garantiza el cumplimiento \u00edntegro de las obligaciones dispuestas, as\u00ed como la implementaci\u00f3n de las medidas de seguridad adecuadas\u00a0 para garantizar la seguridad e integridad de los datos de car\u00e1cter personal que trate, as\u00ed como para evitar su p\u00e9rdida, alteraci\u00f3n y\/o acceso por parte de terceros no autorizados.<\/p>\n<h2><strong>\u00a0<\/strong><strong>POL\u00cdTICA DE PRIVACIDAD<\/strong><\/h2>\n<p>Sus datos datos personales se incorporan a ficheros de los que es responsable OBLOMOV SL, con domicilio en C\/ Perez Gald\u00f3s 22 bajo, 48010 Bilbao (Vizcaya), cuya finalidad es la gesti\u00f3n de datos recogidos en los formularios de la p\u00e1gina web, la gesti\u00f3n de contactos, la realizaci\u00f3n de acciones de comunicaci\u00f3n comercial y la respuesta a consultas y sugerencias, siendo en cualquier caso obligatorio su consentimiento. De no prestarlo no podremos atender su solicitud. Estos datos se conservar\u00e1n por tiempo indefinido en tanto no manifieste su voluntad en contra.<\/p>\n<p>Sus datos no se ceder\u00e1n a ninguna entidad sin su consentimiento previo.<\/p>\n<p>Puede ejercitar los derechos de acceso, rectificaci\u00f3n, limitaci\u00f3n de tratamiento, supresi\u00f3n, portabilidad, cancelaci\u00f3n y revocar el consentimiento prestado, dirigiendo escrito con copia de su DNI a la direcci\u00f3n anteriormente citada o al correo electr\u00f3nico: <a href=\"mailto:info@observatorio-digital.es\">info@observatorio-digital.es<\/a><\/p>\n<p>Tambi\u00e9n podr\u00e1 en caso de no ver atendidos sus derechos presentar su reclamaci\u00f3n a la Agencia Espa\u00f1ola de Protecci\u00f3n de Datos.<\/p>\n<p>El prestador informa y garantiza expresamente a los usuarios que sus datos personales no ser\u00e1n cedidos en ning\u00fan caso a terceras compa\u00f1\u00edas, y que siempre que fuera a realizarse alg\u00fan tipo de cesi\u00f3n de datos personales, de forma previa, se solicitar\u00eda el consentimiento expreso, informado, e inequ\u00edvoco por parte de los titulares.<\/p>\n<p>Todos los datos solicitados a trav\u00e9s del sitio web son obligatorios, ya que son necesarios para la prestaci\u00f3n de un servicio \u00f3ptimo al usuario. En caso de que no sean facilitados todos los datos, el prestador no garantiza que la informaci\u00f3n y servicios facilitados sean completamente ajustados a sus necesidades.<\/p>\n<h2><strong>USO DE COOKIES<\/strong><\/h2>\n<h3><strong>Tipos de \u2018cookies\u2019 utilizadas<\/strong><\/h3>\n<p>Esta web utiliza tanto \u2018cookies\u2019 temporales de sesi\u00f3n como \u2018cookies\u2019 permanentes. Las \u2018cookies\u2019 de sesi\u00f3n almacenan datos \u00fanicamente mientras el usuario accede a la web y las \u2018cookies\u2019 permanentes almacenan los datos en el terminal para que sean accedidos y utilizados en m\u00e1s de una sesi\u00f3n.<\/p>\n<p>Seg\u00fan la finalidad para la que se traten los datos obtenidos a trav\u00e9s de las \u2018cookies\u2019, el web puede utilizar:<\/p>\n<h4><strong>\u2018Cookies\u2019 t\u00e9cnicas<\/strong><\/h4>\n<p>Son aqu\u00e9llas que permiten al usuario la navegaci\u00f3n a trav\u00e9s de la p\u00e1gina web o aplicaci\u00f3n y la utilizaci\u00f3n de las diferentes opciones o servicios que en ella existen. Por ejemplo, controlar el tr\u00e1fico y la comunicaci\u00f3n de datos, identificar la sesi\u00f3n, acceder a las partes web de acceso restringido, recordar los elementos que integran un pedido, realizar la solicitud de inscripci\u00f3n o participaci\u00f3n en un evento, utilizar elementos de seguridad durante la navegaci\u00f3n y almacenar contenidos para la difusi\u00f3n de videos o sonido.<\/p>\n<h4>\u2018<strong>Cookies\u2019 de personalizaci\u00f3n<\/strong><\/h4>\n<p>Son aqu\u00e9llas que permiten al usuario acceder al servicio con algunas caracter\u00edsticas de car\u00e1cter general predefinidas en su terminal o que el propio usuario defina. Por ejemplo, el idioma, el tipo de navegador a trav\u00e9s del cual accede al servicio, el dise\u00f1o de contenidos seleccionado, geolocalizaci\u00f3n del terminal y la configuraci\u00f3n regional desde donde se accede al servicio.<\/p>\n<h4><strong>\u2018Cookies\u2019 publicitarias<\/strong><\/h4>\n<p>Son aqu\u00e9llas que permiten la gesti\u00f3n eficaz de los espacios publicitarios que se han incluido en la p\u00e1gina web o aplicaci\u00f3n desde la que se presta el servicio. Permiten adecuar el contenido de la publicidad para que esta sea relevante para el usuario y para evitar mostrar anuncios que el usuario ya haya visto.<\/p>\n<h4><strong>\u2018Cookies\u2019 de an\u00e1lisis estad\u00edstico<\/strong><\/h4>\n<p>Son aqu\u00e9llas que permiten realizar el seguimiento y an\u00e1lisis del comportamiento de los usuarios en los sitios web. La informaci\u00f3n recogida mediante este tipo de \u2018cookies\u2019 se utiliza en la medici\u00f3n de la actividad de los sitios web, aplicaci\u00f3n o plataforma y para la elaboraci\u00f3n de perfiles de navegaci\u00f3n de los usuarios de dichos sitios, con el fin de introducir mejoras en el servicio en funci\u00f3n de los datos de uso que hacen los usuarios.<\/p>\n<h4><strong>\u2018Cookies\u2019 de terceros<\/strong><\/h4>\n<p>En algunas p\u00e1ginas web se pueden instalar \u2018cookies\u2019 de terceros que permiten gestionar y mejorar los servicios ofrecidos. Como por ejemplo, servicios estad\u00edsticos de Google Analytics y Comscore.<\/p>\n<h3><strong>\u00bfC\u00f3mo administrar \u2018cookies\u2019 en el navegador?<\/strong><\/h3>\n<p>El usuario tiene la opci\u00f3n de permitir, bloquear o eliminar las \u2018cookies\u2019 instaladas en su equipo mediante la configuraci\u00f3n de las opciones del navegador instalado en su terminal:<\/p>\n<p>Para ajustar los permisos relacionados con las \u2018cookies\u2019 en el navegador<strong>\u00a0Google Chrome<\/strong>:<\/p>\n<ul>\n<li>Hacer clic en el men\u00fa situado en la barra de herramientas.<\/li>\n<li>Seleccionar<strong>\u00a0Configuraci\u00f3n<\/strong>.<\/li>\n<li>Hacer clic en<strong>\u00a0Mostar opciones avanzadas<\/strong>.<\/li>\n<li>En la secci\u00f3n \u2018Privacidad\u2019 hacer clic en el bot\u00f3n<strong>\u00a0Configuraci\u00f3n de contenido<\/strong>.<\/li>\n<li>En la secci\u00f3n de \u2018Cookies\u2019 se pueden configurar las opciones.<\/li>\n<\/ul>\n<p>Para ajustar los permisos relacionados con las \u2018cookies\u2019 en el navegador<strong>\u00a0Mozilla Firefox<\/strong>:<\/p>\n<ul>\n<li>En la parte superior de la ventana de Firefox hacer clic en el men\u00fa<strong>\u00a0Herramientas<\/strong>.<\/li>\n<li>Seleccionar<strong>\u00a0Opciones.<\/strong><\/li>\n<li>Seleccionar el panel<strong>\u00a0Privacidad<\/strong>.<\/li>\n<li>En la opci\u00f3n Firefox podr\u00e1 elegir<strong>\u00a0Usar una configuraci\u00f3n personalizada para el historial<\/strong>\u00a0para configurar las opciones.<\/li>\n<\/ul>\n<p>Para ajustar los permisos relacionados con las \u2018cookies\u2019 en el navegador<strong>\u00a0Internet Explorer 9<\/strong>:<\/p>\n<ul>\n<li>En la parte superior de la ventana de Internet Explorer hacer clic en el men\u00fa<strong>\u00a0Herramientas.<\/strong><\/li>\n<li>Seleccionar la pesta\u00f1a de<strong>\u00a0Seguridad<\/strong>\u00a0y utilizar la opci\u00f3n<strong>\u00a0Eliminar el historial de exploraci\u00f3n<\/strong>\u00a0para eliminar las \u2018cookies\u2019. Activar la casilla<strong>\u00a0\u2018Cookies\u2019<\/strong>\u00a0y, a continuaci\u00f3n, hacer clic en<strong>\u00a0Eliminar<\/strong>.<\/li>\n<li>Seleccionar la pesta\u00f1a de<strong>\u00a0Seguridad<\/strong>\u00a0y acceder a<strong>\u00a0Configuraci\u00f3n<\/strong>. Mover el control deslizante totalmente hacia arriba para bloquear todas las \u2018cookies\u2019 o totalmente hacia abajo para permitir todas las \u2018cookies\u2019. Tras ello, hacer clic en<strong>\u00a0Aceptar<\/strong>.<\/li>\n<\/ul>\n<p>En caso de bloquear el uso de \u2018cookies\u2019 en su navegador es posible que algunos servicios o funcionalidades de la p\u00e1gina web no est\u00e9n disponibles.<\/p>\n<p>En algunos navegadores se pueden configurar reglas espec\u00edficas para administrar \u2018cookies\u2019 por sitio web, lo que ofrece un control m\u00e1s preciso sobre la privacidad. Esto significa que se puede inhabilitar \u2018cookies\u2019 de todos los sitios salvo de aquellos en los que se conf\u00ede.<\/p>\n<h2><strong>SEGURIDAD<\/strong><\/h2>\n<p>El sitio web utiliza t\u00e9cnicas de seguridad de la informaci\u00f3n generalmente aceptadas en la industria, tales como firewalls, procedimientos de control de acceso y mecanismos criptogr\u00e1ficos, todo ello con el objeto de evitar el acceso no autorizado a los datos. Para lograr estos fines, el usuario\/cliente acepta que el prestador obtenga datos a efectos de la correspondiente autenticaci\u00f3n de los controles de acceso.<\/p>\n<h2><strong>RESPONSABILIDAD<\/strong><\/h2>\n<p>El prestador se exime de cualquier tipo de responsabilidad derivada de la informaci\u00f3n publicada en su sitio web, siempre que esta informaci\u00f3n haya sido manipulada o introducida por un tercero ajeno al mismo.<\/p>\n<p>El sitio web del prestador puede utilizar cookies (peque\u00f1os archivos de informaci\u00f3n que el servidor env\u00eda al ordenador de quien accede a la p\u00e1gina) para llevar a cabo determinadas funciones que son consideradas imprescindibles para el correcto funcionamiento y visualizaci\u00f3n del sitio.<\/p>\n<p>Desde el sitio web del cliente es posible que se redirija a contenidos de terceros sitios web. Dado que el prestador no puede controlar siempre los contenidos introducidos por los terceros en sus sitios web, \u00e9ste no asume ning\u00fan tipo de responsabilidad respecto a dichos contenidos. En todo caso, el prestador manifiesta que proceder\u00e1 a la retirada inmediata de cualquier contenido que pudiera contravenir la legislaci\u00f3n nacional o internacional, la moral o el orden p\u00fablico, procediendo a la retirada inmediata de la redirecci\u00f3n a dicho sitio web, poniendo en conocimiento de las autoridades competentes el contenido en cuesti\u00f3n.<\/p>\n<p><strong>El prestador no se hace responsable de la informaci\u00f3n y contenidos almacenados, a t\u00edtulo enunciativo pero no limitativo, en foros, chat\u00b4s, generadores de blogs, comentarios, redes sociales o cualesquiera otro medio que permita a terceros publicar contenidos de forma independiente en la p\u00e1gina web del prestador. No obstante y en cumplimiento de lo dispuesto en el art. 11 y 16 de la LSSI-CE, el prestador se pone a disposici\u00f3n de todos los usuarios, autoridades y fuerzas de seguridad, y colaborando de forma activa en la retirada o en su caso bloqueo de todos aquellos contenidos que pudieran afectar o contravenir la legislaci\u00f3n nacional, o internacional, derechos de terceros o la moral y el orden p\u00fablico. En caso de que el usuario considere que existe en el sitio web alg\u00fan contenido que pudiera ser susceptible de esta clasificaci\u00f3n, se ruega lo notifique de forma inmediata al administrador del sitio web.<\/strong><\/p>\n<p>Este sitio web ha sido revisado y probado para que funcione correctamente. En principio, puede garantizarse el correcto funcionamiento los 365 d\u00edas del a\u00f1o, 24 horas al d\u00eda. No obstante, el prestador no descarta la posibilidad de que existan ciertos errores de programaci\u00f3n, o que acontezcan causas de fuerza mayor, cat\u00e1strofes naturales, huelgas, o circunstancias semejantes que hagan imposible el acceso a la p\u00e1gina web.<\/p>\n<h2><strong>LEY APLICABLE Y JURISDICCI\u00d3N<\/strong><\/h2>\n<p>Para la resoluci\u00f3n de todas las controversias o cuestiones relacionadas con el presente sitio web o de las actividades en \u00e9l desarrolladas, ser\u00e1 de aplicaci\u00f3n la legislaci\u00f3n espa\u00f1ola, a la que se someten expresamente las partes, siendo competentes para la resoluci\u00f3n de todos los conflictos derivados o relacionados con su uso los Juzgados y Tribunales de Vizcaya.<\/p>\n","protected":false},"excerpt":{"rendered":"<p>Aviso legal Responsable (Prestador del Servicio): OBLOMOV SLNombre Comercial: OBLOMOV SL inscrita en el registro mercantil de Vizcaya hoja Bi 15013 Seccion 1\u00aa Tomo 3294.Domicilio Social: C\/ P\u00e9rez Gald\u00f3s N\u00ba22 bajo, 48010 Bilbao (Vizcaya)CIF \/ NIF: B48756498Tel\u00e9fono: 944395655Fax: 944396373E-Mail: info@observatorio-digital.esNombre de dominio: http:\/\/observatorio-digital.es\/ OBJETO El prestador, responsable del sitio web, pone a disposici\u00f3n de los&hellip;<\/p>\n","protected":false},"author":1,"featured_media":0,"parent":0,"menu_order":0,"comment_status":"closed","ping_status":"open","template":"elementor_header_footer","meta":{"footnotes":""},"class_list":["post-84","page","type-page","status-publish","hentry"],"_links":{"self":[{"href":"https:\/\/observatorio-digital.es\/index.php?rest_route=\/wp\/v2\/pages\/84","targetHints":{"allow":["GET"]}}],"collection":[{"href":"https:\/\/observatorio-digital.es\/index.php?rest_route=\/wp\/v2\/pages"}],"about":[{"href":"https:\/\/observatorio-digital.es\/index.php?rest_route=\/wp\/v2\/types\/page"}],"author":[{"embeddable":true,"href":"https:\/\/observatorio-digital.es\/index.php?rest_route=\/wp\/v2\/users\/1"}],"replies":[{"embeddable":true,"href":"https:\/\/observatorio-digital.es\/index.php?rest_route=%2Fwp%2Fv2%2Fcomments&post=84"}],"version-history":[{"count":4,"href":"https:\/\/observatorio-digital.es\/index.php?rest_route=\/wp\/v2\/pages\/84\/revisions"}],"predecessor-version":[{"id":93,"href":"https:\/\/observatorio-digital.es\/index.php?rest_route=\/wp\/v2\/pages\/84\/revisions\/93"}],"wp:attachment":[{"href":"https:\/\/observatorio-digital.es\/index.php?rest_route=%2Fwp%2Fv2%2Fmedia&parent=84"}],"curies":[{"name":"wp","href":"https:\/\/api.w.org\/{rel}","templated":true}]}}